{"id":35,"date":"2017-03-20T18:37:37","date_gmt":"2017-03-20T16:37:37","guid":{"rendered":"http:\/\/hp-wandern.de\/?page_id=35"},"modified":"2023-01-26T18:06:10","modified_gmt":"2023-01-26T16:06:10","slug":"ueber-mich","status":"publish","type":"page","link":"https:\/\/hp-wandern.de\/?page_id=35","title":{"rendered":"\u00dcber mich"},"content":{"rendered":"<p><img loading=\"lazy\" decoding=\"async\" class=\"alignnone size-medium wp-image-8568\" src=\"https:\/\/hp-wandern.de\/wp-content\/uploads\/2022\/10\/3-225x300.jpg\" alt=\"\" width=\"225\" height=\"300\" srcset=\"https:\/\/hp-wandern.de\/wp-content\/uploads\/2022\/10\/3-225x300.jpg 225w, https:\/\/hp-wandern.de\/wp-content\/uploads\/2022\/10\/3.jpg 688w\" sizes=\"auto, (max-width: 225px) 100vw, 225px\" \/><\/p>\n<p>Hallo, mein Name ist <strong>Hans-Peter M\u00fcller<\/strong>, bin Jahrgang 1953 und im Ruhestand. So oft wie m\u00f6glich, bin ich im B\u00f6hmerwald unterwegs.<br \/>\nIch verwende hier ausdr\u00fccklich den Namen \u201eB\u00f6hmerwald\u201c, da der Bayerische Wald kein eigenst\u00e4ndiges Gebirge ist, sondern nur eine politische Abgrenzung vom B\u00f6hmerwald. Mein Tourenbereich erstreckt sich haupts\u00e4chlich von der Cham-Furter-Senke, entlang der deutsch-tschechischen Grenze, der Vorwaldberge, bis zum M\u00fchlviertel in \u00d6sterreich.<\/p>\n<p>Ihr k\u00f6nnt mich gerne hier auf meinen Touren begleiten.<\/p>\n<p>Wenn ihr Fragen habt oder weitere Infos, wie Karten o.\u00e4. braucht, k\u00f6nnt ihr euch gerne bei mir \u00fcber das Kontaktformular melden.<\/p>\n<p>Nat\u00fcrlich k\u00f6nnen auch mir Fehler und Irrt\u00fcmer in den Beitr\u00e4gen unterlaufen. F\u00fcr entsprechende Hinweise, sowie Anregungen und Erg\u00e4nzungen w\u00e4re ich euch dankbar.<\/p>\n<p>&nbsp;<\/p>\n<p><strong>Ausnahmsweise mal Werbung in eigener Sache:<\/strong><\/p>\n<p><img loading=\"lazy\" decoding=\"async\" class=\"alignnone size-medium wp-image-8651\" src=\"https:\/\/hp-wandern.de\/wp-content\/uploads\/2023\/01\/Wanderfuehrer-203x300.jpg\" alt=\"\" width=\"203\" height=\"300\" srcset=\"https:\/\/hp-wandern.de\/wp-content\/uploads\/2023\/01\/Wanderfuehrer-203x300.jpg 203w, https:\/\/hp-wandern.de\/wp-content\/uploads\/2023\/01\/Wanderfuehrer-692x1024.jpg 692w, https:\/\/hp-wandern.de\/wp-content\/uploads\/2023\/01\/Wanderfuehrer-768x1137.jpg 768w, https:\/\/hp-wandern.de\/wp-content\/uploads\/2023\/01\/Wanderfuehrer-1038x1536.jpg 1038w, https:\/\/hp-wandern.de\/wp-content\/uploads\/2023\/01\/Wanderfuehrer.jpg 1292w\" sizes=\"auto, (max-width: 203px) 100vw, 203px\" \/><\/p>\n<p>Matthias Hiergeist, Tourismus-Chef der Stadt Vilshofen und Gesch\u00e4ftsf\u00fchrer der Tourismusgemeinschaft Bayerisches Donautal und Klosterwinkel e.V. hatte im Januar 2021 die Idee zu einem Wanderf\u00fchrer \u00fcber das Gebiet und wandte sich deswegen an den Battenberg Gietl Verlag. Als mich daraufhin der Verlag kontaktierte (er kannte meine Internetseite) und fragte, ob ich Interesse h\u00e4tte, mitzuarbeiten, sagte ich spontan zu. Matthias hatte schon 20 Touren herausgesucht, die ich im Laufe des Jahres abwanderte, Fotos machte, Tourenbeschreibungen erstellte und GPX-Daten bearbeitete. Im Herbst 2021 hatte ich meine Daten zusammen. Es dauerte allerdings noch mit der Bearbeitung des Layouts und der Korrekturen bis zum Fr\u00fchjahr 2022, bis alles druckreif war.<\/p>\n<p>20 abwechslungsreiche Touren f\u00fcr jedermann f\u00fchren durch das Gebiet im Bayerischen Donautal und Klosterwinkel. Ob durch die Isarauen, dichte W\u00e4lder, vorbei an Streuobstwiesen und entlang weitreichender Felder oder auch auf historischen Wegen, wie den Denkmalweg in Aidenbach oder den Friedensweg in Ortenburg, kann man hier die herrliche Natur genie\u00dfen, die Seele mal baumeln lassen und neue Kraft tanken.<\/p>\n<p><img loading=\"lazy\" decoding=\"async\" class=\"alignnone size-medium wp-image-8652\" src=\"https:\/\/hp-wandern.de\/wp-content\/uploads\/2023\/01\/Wanderfuehrer-4-300x232.jpg\" alt=\"\" width=\"300\" height=\"232\" srcset=\"https:\/\/hp-wandern.de\/wp-content\/uploads\/2023\/01\/Wanderfuehrer-4-300x232.jpg 300w, https:\/\/hp-wandern.de\/wp-content\/uploads\/2023\/01\/Wanderfuehrer-4-1024x790.jpg 1024w, https:\/\/hp-wandern.de\/wp-content\/uploads\/2023\/01\/Wanderfuehrer-4-768x593.jpg 768w, https:\/\/hp-wandern.de\/wp-content\/uploads\/2023\/01\/Wanderfuehrer-4-1536x1185.jpg 1536w, https:\/\/hp-wandern.de\/wp-content\/uploads\/2023\/01\/Wanderfuehrer-4-2048x1581.jpg 2048w\" sizes=\"auto, (max-width: 300px) 100vw, 300px\" \/><\/p>\n<p>Erh\u00e4ltlich ist der Wanderf\u00fchrer im Buchhandel oder online bei den einschl\u00e4gigen Portalen.<\/p>\n","protected":false},"excerpt":{"rendered":"<p>Hallo, mein Name ist Hans-Peter M\u00fcller, bin Jahrgang 1953 und im Ruhestand. So oft wie m\u00f6glich, bin ich im B\u00f6hmerwald unterwegs. Ich verwende hier ausdr\u00fccklich den Namen \u201eB\u00f6hmerwald\u201c, da der Bayerische Wald kein eigenst\u00e4ndiges Gebirge ist, sondern nur eine politische Abgrenzung vom B\u00f6hmerwald. Mein Tourenbereich erstreckt sich haupts\u00e4chlich von der Cham-Furter-Senke, entlang der deutsch-tschechischen Grenze, &hellip; <\/p>\n<p class=\"link-more\"><a href=\"https:\/\/hp-wandern.de\/?page_id=35\" class=\"more-link\"><span class=\"screen-reader-text\">\u201e\u00dcber mich\u201c<\/span> weiterlesen<\/a><\/p>\n","protected":false},"author":1,"featured_media":0,"parent":0,"menu_order":0,"comment_status":"closed","ping_status":"closed","template":"","meta":{"_monsterinsights_skip_tracking":false,"_monsterinsights_sitenote_active":false,"_monsterinsights_sitenote_note":"","_monsterinsights_sitenote_category":0,"footnotes":""},"class_list":["post-35","page","type-page","status-publish","hentry"],"yoast_head":"<!-- This site is optimized with the Yoast SEO plugin v25.0 - https:\/\/yoast.com\/wordpress\/plugins\/seo\/ -->\n<title>\u00dcber mich - Da Bayerische Woid<\/title>\n<meta name=\"robots\" content=\"index, follow, max-snippet:-1, max-image-preview:large, max-video-preview:-1\" \/>\n<link rel=\"canonical\" href=\"https:\/\/hp-wandern.de\/?page_id=35\" \/>\n<meta property=\"og:locale\" content=\"de_DE\" \/>\n<meta property=\"og:type\" content=\"article\" \/>\n<meta property=\"og:title\" content=\"\u00dcber mich - Da Bayerische Woid\" \/>\n<meta property=\"og:description\" content=\"Hallo, mein Name ist Hans-Peter M\u00fcller, bin Jahrgang 1953 und im Ruhestand. So oft wie m\u00f6glich, bin ich im B\u00f6hmerwald unterwegs. Ich verwende hier ausdr\u00fccklich den Namen \u201eB\u00f6hmerwald\u201c, da der Bayerische Wald kein eigenst\u00e4ndiges Gebirge ist, sondern nur eine politische Abgrenzung vom B\u00f6hmerwald. Mein Tourenbereich erstreckt sich haupts\u00e4chlich von der Cham-Furter-Senke, entlang der deutsch-tschechischen Grenze, &hellip; \u201e\u00dcber mich\u201c weiterlesen\" \/>\n<meta property=\"og:url\" content=\"https:\/\/hp-wandern.de\/?page_id=35\" \/>\n<meta property=\"og:site_name\" content=\"Da Bayerische Woid\" \/>\n<meta property=\"article:publisher\" content=\"https:\/\/www.facebook.com\/hanspeter.muller.75\" \/>\n<meta property=\"article:modified_time\" content=\"2023-01-26T16:06:10+00:00\" \/>\n<meta property=\"og:image\" content=\"https:\/\/hp-wandern.de\/wp-content\/uploads\/2022\/10\/3-225x300.jpg\" \/>\n<meta name=\"twitter:card\" content=\"summary_large_image\" \/>\n<meta name=\"twitter:label1\" content=\"Gesch\u00e4tzte Lesezeit\" \/>\n\t<meta name=\"twitter:data1\" content=\"3\u00a0Minuten\" \/>\n<script type=\"application\/ld+json\" class=\"yoast-schema-graph\">{\"@context\":\"https:\/\/schema.org\",\"@graph\":[{\"@type\":\"WebPage\",\"@id\":\"https:\/\/hp-wandern.de\/?page_id=35\",\"url\":\"https:\/\/hp-wandern.de\/?page_id=35\",\"name\":\"\u00dcber mich - Da Bayerische Woid\",\"isPartOf\":{\"@id\":\"https:\/\/hp-wandern.de\/#website\"},\"primaryImageOfPage\":{\"@id\":\"https:\/\/hp-wandern.de\/?page_id=35#primaryimage\"},\"image\":{\"@id\":\"https:\/\/hp-wandern.de\/?page_id=35#primaryimage\"},\"thumbnailUrl\":\"https:\/\/hp-wandern.de\/wp-content\/uploads\/2022\/10\/3-225x300.jpg\",\"datePublished\":\"2017-03-20T16:37:37+00:00\",\"dateModified\":\"2023-01-26T16:06:10+00:00\",\"breadcrumb\":{\"@id\":\"https:\/\/hp-wandern.de\/?page_id=35#breadcrumb\"},\"inLanguage\":\"de\",\"potentialAction\":[{\"@type\":\"ReadAction\",\"target\":[\"https:\/\/hp-wandern.de\/?page_id=35\"]}]},{\"@type\":\"ImageObject\",\"inLanguage\":\"de\",\"@id\":\"https:\/\/hp-wandern.de\/?page_id=35#primaryimage\",\"url\":\"https:\/\/hp-wandern.de\/wp-content\/uploads\/2022\/10\/3.jpg\",\"contentUrl\":\"https:\/\/hp-wandern.de\/wp-content\/uploads\/2022\/10\/3.jpg\",\"width\":688,\"height\":917},{\"@type\":\"BreadcrumbList\",\"@id\":\"https:\/\/hp-wandern.de\/?page_id=35#breadcrumb\",\"itemListElement\":[{\"@type\":\"ListItem\",\"position\":1,\"name\":\"Startseite\",\"item\":\"https:\/\/hp-wandern.de\/\"},{\"@type\":\"ListItem\",\"position\":2,\"name\":\"\u00dcber mich\"}]},{\"@type\":\"WebSite\",\"@id\":\"https:\/\/hp-wandern.de\/#website\",\"url\":\"https:\/\/hp-wandern.de\/\",\"name\":\"Da Bayerische Woid\",\"description\":\"...und do bin i dahoam\",\"potentialAction\":[{\"@type\":\"SearchAction\",\"target\":{\"@type\":\"EntryPoint\",\"urlTemplate\":\"https:\/\/hp-wandern.de\/?s={search_term_string}\"},\"query-input\":{\"@type\":\"PropertyValueSpecification\",\"valueRequired\":true,\"valueName\":\"search_term_string\"}}],\"inLanguage\":\"de\"}]}<\/script>\n<!-- \/ Yoast SEO plugin. -->","yoast_head_json":{"title":"\u00dcber mich - Da Bayerische Woid","robots":{"index":"index","follow":"follow","max-snippet":"max-snippet:-1","max-image-preview":"max-image-preview:large","max-video-preview":"max-video-preview:-1"},"canonical":"https:\/\/hp-wandern.de\/?page_id=35","og_locale":"de_DE","og_type":"article","og_title":"\u00dcber mich - Da Bayerische Woid","og_description":"Hallo, mein Name ist Hans-Peter M\u00fcller, bin Jahrgang 1953 und im Ruhestand. So oft wie m\u00f6glich, bin ich im B\u00f6hmerwald unterwegs. Ich verwende hier ausdr\u00fccklich den Namen \u201eB\u00f6hmerwald\u201c, da der Bayerische Wald kein eigenst\u00e4ndiges Gebirge ist, sondern nur eine politische Abgrenzung vom B\u00f6hmerwald. Mein Tourenbereich erstreckt sich haupts\u00e4chlich von der Cham-Furter-Senke, entlang der deutsch-tschechischen Grenze, &hellip; \u201e\u00dcber mich\u201c weiterlesen","og_url":"https:\/\/hp-wandern.de\/?page_id=35","og_site_name":"Da Bayerische Woid","article_publisher":"https:\/\/www.facebook.com\/hanspeter.muller.75","article_modified_time":"2023-01-26T16:06:10+00:00","og_image":[{"url":"https:\/\/hp-wandern.de\/wp-content\/uploads\/2022\/10\/3-225x300.jpg","type":"","width":"","height":""}],"twitter_card":"summary_large_image","twitter_misc":{"Gesch\u00e4tzte Lesezeit":"3\u00a0Minuten"},"schema":{"@context":"https:\/\/schema.org","@graph":[{"@type":"WebPage","@id":"https:\/\/hp-wandern.de\/?page_id=35","url":"https:\/\/hp-wandern.de\/?page_id=35","name":"\u00dcber mich - Da Bayerische Woid","isPartOf":{"@id":"https:\/\/hp-wandern.de\/#website"},"primaryImageOfPage":{"@id":"https:\/\/hp-wandern.de\/?page_id=35#primaryimage"},"image":{"@id":"https:\/\/hp-wandern.de\/?page_id=35#primaryimage"},"thumbnailUrl":"https:\/\/hp-wandern.de\/wp-content\/uploads\/2022\/10\/3-225x300.jpg","datePublished":"2017-03-20T16:37:37+00:00","dateModified":"2023-01-26T16:06:10+00:00","breadcrumb":{"@id":"https:\/\/hp-wandern.de\/?page_id=35#breadcrumb"},"inLanguage":"de","potentialAction":[{"@type":"ReadAction","target":["https:\/\/hp-wandern.de\/?page_id=35"]}]},{"@type":"ImageObject","inLanguage":"de","@id":"https:\/\/hp-wandern.de\/?page_id=35#primaryimage","url":"https:\/\/hp-wandern.de\/wp-content\/uploads\/2022\/10\/3.jpg","contentUrl":"https:\/\/hp-wandern.de\/wp-content\/uploads\/2022\/10\/3.jpg","width":688,"height":917},{"@type":"BreadcrumbList","@id":"https:\/\/hp-wandern.de\/?page_id=35#breadcrumb","itemListElement":[{"@type":"ListItem","position":1,"name":"Startseite","item":"https:\/\/hp-wandern.de\/"},{"@type":"ListItem","position":2,"name":"\u00dcber mich"}]},{"@type":"WebSite","@id":"https:\/\/hp-wandern.de\/#website","url":"https:\/\/hp-wandern.de\/","name":"Da Bayerische Woid","description":"...und do bin i dahoam","potentialAction":[{"@type":"SearchAction","target":{"@type":"EntryPoint","urlTemplate":"https:\/\/hp-wandern.de\/?s={search_term_string}"},"query-input":{"@type":"PropertyValueSpecification","valueRequired":true,"valueName":"search_term_string"}}],"inLanguage":"de"}]}},"_links":{"self":[{"href":"https:\/\/hp-wandern.de\/index.php?rest_route=\/wp\/v2\/pages\/35","targetHints":{"allow":["GET"]}}],"collection":[{"href":"https:\/\/hp-wandern.de\/index.php?rest_route=\/wp\/v2\/pages"}],"about":[{"href":"https:\/\/hp-wandern.de\/index.php?rest_route=\/wp\/v2\/types\/page"}],"author":[{"embeddable":true,"href":"https:\/\/hp-wandern.de\/index.php?rest_route=\/wp\/v2\/users\/1"}],"replies":[{"embeddable":true,"href":"https:\/\/hp-wandern.de\/index.php?rest_route=%2Fwp%2Fv2%2Fcomments&post=35"}],"version-history":[{"count":22,"href":"https:\/\/hp-wandern.de\/index.php?rest_route=\/wp\/v2\/pages\/35\/revisions"}],"predecessor-version":[{"id":8653,"href":"https:\/\/hp-wandern.de\/index.php?rest_route=\/wp\/v2\/pages\/35\/revisions\/8653"}],"wp:attachment":[{"href":"https:\/\/hp-wandern.de\/index.php?rest_route=%2Fwp%2Fv2%2Fmedia&parent=35"}],"curies":[{"name":"wp","href":"https:\/\/api.w.org\/{rel}","templated":true}]}}